{"id":249,"date":"2020-02-13T13:27:00","date_gmt":"2020-02-13T13:27:00","guid":{"rendered":"http:\/\/www.essencesmartcare.com\/?page_id=249"},"modified":"2025-11-04T10:38:33","modified_gmt":"2025-11-04T10:38:33","slug":"home","status":"publish","type":"page","link":"https:\/\/www.essencesmartcare.com\/de\/","title":{"rendered":"Home"},"content":{"rendered":"","protected":false},"excerpt":{"rendered":"","protected":false},"author":1,"featured_media":17432,"parent":0,"menu_order":0,"comment_status":"closed","ping_status":"closed","template":"","meta":{"_acf_changed":false,"footnotes":""},"class_list":["post-249","page","type-page","status-publish","has-post-thumbnail","hentry"],"yoast_head":"<!-- This site is optimized with the Yoast SEO plugin v24.4 - https:\/\/yoast.com\/wordpress\/plugins\/seo\/ -->\n<title>W\u00fcrdevolles Altern mit modernen Technologien f\u00fcr die Pflege von Senioren<\/title>\n<meta name=\"description\" content=\"Die optimalen L\u00f6sungen f\u00fcr Komfort und Wohlbefinden zu Hause: Ein modernes Hausnotrufsystem und ideale Fernbetreuung durch Telemedizin.\" \/>\n<meta name=\"robots\" content=\"index, follow, max-snippet:-1, max-image-preview:large, max-video-preview:-1\" \/>\n<link rel=\"canonical\" href=\"https:\/\/www.essencesmartcare.com\/de\/\" \/>\n<meta property=\"og:locale\" content=\"de_DE\" \/>\n<meta property=\"og:type\" content=\"article\" \/>\n<meta property=\"og:title\" content=\"W\u00fcrdevolles Altern mit modernen Technologien f\u00fcr die Pflege von Senioren\" \/>\n<meta property=\"og:description\" content=\"Die optimalen L\u00f6sungen f\u00fcr Komfort und Wohlbefinden zu Hause: Ein modernes Hausnotrufsystem und ideale Fernbetreuung durch Telemedizin.\" \/>\n<meta property=\"og:url\" content=\"https:\/\/www.essencesmartcare.com\/de\/\" \/>\n<meta property=\"og:site_name\" content=\"Essence SmartCare\" \/>\n<meta property=\"article:modified_time\" content=\"2025-11-04T10:38:33+00:00\" \/>\n<meta property=\"og:image\" content=\"https:\/\/www.essencesmartcare.com\/wp-content\/uploads\/sites\/2\/2023\/09\/home_03.jpg\" \/>\n\t<meta property=\"og:image:width\" content=\"2560\" \/>\n\t<meta property=\"og:image:height\" content=\"564\" \/>\n\t<meta property=\"og:image:type\" content=\"image\/jpeg\" \/>\n<meta name=\"twitter:card\" content=\"summary_large_image\" \/>\n<meta name=\"twitter:label1\" content=\"Gesch\u00e4tzte Lesezeit\" \/>\n\t<meta name=\"twitter:data1\" content=\"1\u00a0Minute\" \/>\n<script type=\"application\/ld+json\" class=\"yoast-schema-graph\">{\"@context\":\"https:\/\/schema.org\",\"@graph\":[{\"@type\":\"WebPage\",\"@id\":\"https:\/\/www.essencesmartcare.com\/de\/\",\"url\":\"https:\/\/www.essencesmartcare.com\/de\/\",\"name\":\"W\u00fcrdevolles Altern mit modernen Technologien f\u00fcr die Pflege von Senioren\",\"isPartOf\":{\"@id\":\"https:\/\/www.essencesmartcare.com\/es\/#website\"},\"primaryImageOfPage\":{\"@id\":\"https:\/\/www.essencesmartcare.com\/de\/#primaryimage\"},\"image\":{\"@id\":\"https:\/\/www.essencesmartcare.com\/de\/#primaryimage\"},\"thumbnailUrl\":\"https:\/\/www.essencesmartcare.com\/wp-content\/uploads\/sites\/2\/2023\/09\/home_03.jpg\",\"datePublished\":\"2020-02-13T13:27:00+00:00\",\"dateModified\":\"2025-11-04T10:38:33+00:00\",\"description\":\"Die optimalen L\u00f6sungen f\u00fcr Komfort und Wohlbefinden zu Hause: Ein modernes Hausnotrufsystem und ideale Fernbetreuung durch Telemedizin.\",\"breadcrumb\":{\"@id\":\"https:\/\/www.essencesmartcare.com\/de\/#breadcrumb\"},\"inLanguage\":\"de\",\"potentialAction\":[{\"@type\":\"ReadAction\",\"target\":[\"https:\/\/www.essencesmartcare.com\/de\/\"]}]},{\"@type\":\"ImageObject\",\"inLanguage\":\"de\",\"@id\":\"https:\/\/www.essencesmartcare.com\/de\/#primaryimage\",\"url\":\"https:\/\/www.essencesmartcare.com\/wp-content\/uploads\/sites\/2\/2023\/09\/home_03.jpg\",\"contentUrl\":\"https:\/\/www.essencesmartcare.com\/wp-content\/uploads\/sites\/2\/2023\/09\/home_03.jpg\",\"width\":2560,\"height\":564},{\"@type\":\"BreadcrumbList\",\"@id\":\"https:\/\/www.essencesmartcare.com\/de\/#breadcrumb\",\"itemListElement\":[{\"@type\":\"ListItem\",\"position\":1,\"name\":\"Home\",\"item\":\"https:\/\/www.essencesmartcare.com\/de\/\"},{\"@type\":\"ListItem\",\"position\":2,\"name\":\"Home\"}]},{\"@type\":\"WebSite\",\"@id\":\"https:\/\/www.essencesmartcare.com\/es\/#website\",\"url\":\"https:\/\/www.essencesmartcare.com\/es\/\",\"name\":\"Essence SmartCare\",\"description\":\"Independent Living Technologies for Seniors\",\"publisher\":{\"@id\":\"https:\/\/www.essencesmartcare.com\/es\/#organization\"},\"potentialAction\":[{\"@type\":\"SearchAction\",\"target\":{\"@type\":\"EntryPoint\",\"urlTemplate\":\"https:\/\/www.essencesmartcare.com\/es\/?s={search_term_string}\"},\"query-input\":{\"@type\":\"PropertyValueSpecification\",\"valueRequired\":true,\"valueName\":\"search_term_string\"}}],\"inLanguage\":\"de\"},{\"@type\":\"Organization\",\"@id\":\"https:\/\/www.essencesmartcare.com\/es\/#organization\",\"name\":\"Essence SmartCare\",\"url\":\"https:\/\/www.essencesmartcare.com\/es\/\",\"logo\":{\"@type\":\"ImageObject\",\"inLanguage\":\"de\",\"@id\":\"https:\/\/www.essencesmartcare.com\/es\/#\/schema\/logo\/image\/\",\"url\":\"https:\/\/www.essencesmartcare.com\/wp-content\/uploads\/sites\/2\/2020\/03\/cropped-logo_smartcare-_min-2.png\",\"contentUrl\":\"https:\/\/www.essencesmartcare.com\/wp-content\/uploads\/sites\/2\/2020\/03\/cropped-logo_smartcare-_min-2.png\",\"width\":111,\"height\":41,\"caption\":\"Essence SmartCare\"},\"image\":{\"@id\":\"https:\/\/www.essencesmartcare.com\/es\/#\/schema\/logo\/image\/\"}}]}<\/script>\n<!-- \/ Yoast SEO plugin. -->","yoast_head_json":{"title":"W\u00fcrdevolles Altern mit modernen Technologien f\u00fcr die Pflege von Senioren","description":"Die optimalen L\u00f6sungen f\u00fcr Komfort und Wohlbefinden zu Hause: Ein modernes Hausnotrufsystem und ideale Fernbetreuung durch Telemedizin.","robots":{"index":"index","follow":"follow","max-snippet":"max-snippet:-1","max-image-preview":"max-image-preview:large","max-video-preview":"max-video-preview:-1"},"canonical":"https:\/\/www.essencesmartcare.com\/de\/","og_locale":"de_DE","og_type":"article","og_title":"W\u00fcrdevolles Altern mit modernen Technologien f\u00fcr die Pflege von Senioren","og_description":"Die optimalen L\u00f6sungen f\u00fcr Komfort und Wohlbefinden zu Hause: Ein modernes Hausnotrufsystem und ideale Fernbetreuung durch Telemedizin.","og_url":"https:\/\/www.essencesmartcare.com\/de\/","og_site_name":"Essence SmartCare","article_modified_time":"2025-11-04T10:38:33+00:00","og_image":[{"width":2560,"height":564,"url":"https:\/\/www.essencesmartcare.com\/wp-content\/uploads\/sites\/2\/2023\/09\/home_03.jpg","type":"image\/jpeg"}],"twitter_card":"summary_large_image","twitter_misc":{"Gesch\u00e4tzte Lesezeit":"1\u00a0Minute"},"schema":{"@context":"https:\/\/schema.org","@graph":[{"@type":"WebPage","@id":"https:\/\/www.essencesmartcare.com\/de\/","url":"https:\/\/www.essencesmartcare.com\/de\/","name":"W\u00fcrdevolles Altern mit modernen Technologien f\u00fcr die Pflege von Senioren","isPartOf":{"@id":"https:\/\/www.essencesmartcare.com\/es\/#website"},"primaryImageOfPage":{"@id":"https:\/\/www.essencesmartcare.com\/de\/#primaryimage"},"image":{"@id":"https:\/\/www.essencesmartcare.com\/de\/#primaryimage"},"thumbnailUrl":"https:\/\/www.essencesmartcare.com\/wp-content\/uploads\/sites\/2\/2023\/09\/home_03.jpg","datePublished":"2020-02-13T13:27:00+00:00","dateModified":"2025-11-04T10:38:33+00:00","description":"Die optimalen L\u00f6sungen f\u00fcr Komfort und Wohlbefinden zu Hause: Ein modernes Hausnotrufsystem und ideale Fernbetreuung durch Telemedizin.","breadcrumb":{"@id":"https:\/\/www.essencesmartcare.com\/de\/#breadcrumb"},"inLanguage":"de","potentialAction":[{"@type":"ReadAction","target":["https:\/\/www.essencesmartcare.com\/de\/"]}]},{"@type":"ImageObject","inLanguage":"de","@id":"https:\/\/www.essencesmartcare.com\/de\/#primaryimage","url":"https:\/\/www.essencesmartcare.com\/wp-content\/uploads\/sites\/2\/2023\/09\/home_03.jpg","contentUrl":"https:\/\/www.essencesmartcare.com\/wp-content\/uploads\/sites\/2\/2023\/09\/home_03.jpg","width":2560,"height":564},{"@type":"BreadcrumbList","@id":"https:\/\/www.essencesmartcare.com\/de\/#breadcrumb","itemListElement":[{"@type":"ListItem","position":1,"name":"Home","item":"https:\/\/www.essencesmartcare.com\/de\/"},{"@type":"ListItem","position":2,"name":"Home"}]},{"@type":"WebSite","@id":"https:\/\/www.essencesmartcare.com\/es\/#website","url":"https:\/\/www.essencesmartcare.com\/es\/","name":"Essence SmartCare","description":"Independent Living Technologies for Seniors","publisher":{"@id":"https:\/\/www.essencesmartcare.com\/es\/#organization"},"potentialAction":[{"@type":"SearchAction","target":{"@type":"EntryPoint","urlTemplate":"https:\/\/www.essencesmartcare.com\/es\/?s={search_term_string}"},"query-input":{"@type":"PropertyValueSpecification","valueRequired":true,"valueName":"search_term_string"}}],"inLanguage":"de"},{"@type":"Organization","@id":"https:\/\/www.essencesmartcare.com\/es\/#organization","name":"Essence SmartCare","url":"https:\/\/www.essencesmartcare.com\/es\/","logo":{"@type":"ImageObject","inLanguage":"de","@id":"https:\/\/www.essencesmartcare.com\/es\/#\/schema\/logo\/image\/","url":"https:\/\/www.essencesmartcare.com\/wp-content\/uploads\/sites\/2\/2020\/03\/cropped-logo_smartcare-_min-2.png","contentUrl":"https:\/\/www.essencesmartcare.com\/wp-content\/uploads\/sites\/2\/2020\/03\/cropped-logo_smartcare-_min-2.png","width":111,"height":41,"caption":"Essence SmartCare"},"image":{"@id":"https:\/\/www.essencesmartcare.com\/es\/#\/schema\/logo\/image\/"}}]}},"acf":[],"_links":{"self":[{"href":"https:\/\/www.essencesmartcare.com\/de\/wp-json\/wp\/v2\/pages\/249"}],"collection":[{"href":"https:\/\/www.essencesmartcare.com\/de\/wp-json\/wp\/v2\/pages"}],"about":[{"href":"https:\/\/www.essencesmartcare.com\/de\/wp-json\/wp\/v2\/types\/page"}],"author":[{"embeddable":true,"href":"https:\/\/www.essencesmartcare.com\/de\/wp-json\/wp\/v2\/users\/1"}],"replies":[{"embeddable":true,"href":"https:\/\/www.essencesmartcare.com\/de\/wp-json\/wp\/v2\/comments?post=249"}],"version-history":[{"count":76,"href":"https:\/\/www.essencesmartcare.com\/de\/wp-json\/wp\/v2\/pages\/249\/revisions"}],"predecessor-version":[{"id":27163,"href":"https:\/\/www.essencesmartcare.com\/de\/wp-json\/wp\/v2\/pages\/249\/revisions\/27163"}],"wp:featuredmedia":[{"embeddable":true,"href":"https:\/\/www.essencesmartcare.com\/de\/wp-json\/wp\/v2\/media\/17432"}],"wp:attachment":[{"href":"https:\/\/www.essencesmartcare.com\/de\/wp-json\/wp\/v2\/media?parent=249"}],"curies":[{"name":"wp","href":"https:\/\/api.w.org\/{rel}","templated":true}]}}